{"id":1262,"date":"2017-10-10T14:44:32","date_gmt":"2017-10-10T12:44:33","guid":{"rendered":"https:\/\/parlemoideparfum.com\/?post_type=product&#038;p=1262"},"modified":"2019-05-22T07:31:16","modified_gmt":"2019-05-22T05:31:16","slug":"candle-diabolo-figue-17","status":"publish","type":"product","link":"https:\/\/parlemoideparfum.com\/en\/boutique\/candle-diabolo-figue-17\/","title":{"rendered":"Diabolo Figue \/ 17"},"content":{"rendered":"<p>[spb_blank_spacer height=&#8221;1px&#8221; width=&#8221;1\/6&#8243; el_position=&#8221;first&#8221;] [spb_divider type=&#8221;heading&#8221; heading_text=&#8221;Nos bougies&#8221; text=&#8221;Go to top&#8221; top_margin=&#8221;40px&#8221; bottom_margin=&#8221;0px&#8221; fullwidth=&#8221;no&#8221; width=&#8221;2\/3&#8243; el_position=&#8221;last&#8221;]<\/p>\n","protected":false},"excerpt":{"rendered":"<p>Fig is a nostalgic fruit that means something different to everyone. To us, it goes hand-in-hand with lemonade and mint syrup, a fizzy, gourmand and slightly woody smell that sparks the imagination.<\/p>\n<p>&#8220;Diabolo Figue \/ 17&#8221; is a small sip of pure happiness and energy. Fifty hours of positive vibes. Forget the caffeine and energy drinks &#8211; you&#8217;ve got everything you need right here.<\/p>\n<p>Accord : Mint \/ Fig Milk \/ Cashmeran<\/p>\n<p><span style=\"color: #b8b8b8;\">190 grams scented candle.<\/span><br \/>\n<span style=\"color: #ffffff;\">.<\/span><\/p>\n","protected":false},"featured_media":1264,"template":"","meta":[],"product_brand":[],"product_cat":[46],"product_tag":[],"class_list":{"0":"post-1262","1":"product","2":"type-product","3":"status-publish","4":"has-post-thumbnail","6":"product_cat-candle","7":"tm-no-options","9":"first","10":"outofstock","11":"taxable","12":"shipping-taxable","13":"purchasable","14":"product-type-simple"},"yoast_head":"<!-- This site is optimized with the Yoast SEO plugin v24.8.1 - https:\/\/yoast.com\/wordpress\/plugins\/seo\/ -->\n<title>Diabolo Figue \/ 17 - Parle Moi de Parfum<\/title>\n<meta name=\"description\" content=\"Tout le monde a un souvenir \u00e0 la figue. Le n\u00f4tre, c\u2019est un m\u00e9lange limonade \u2013 sirop de menthe \u2013 figue. Cette odeur \u00e0 la fois p\u00e9tillante, gourmande et l\u00e9g\u00e8rement bois\u00e9e \u00e0 travers laquelle on aime se promener. \u00ab Diabolo Figue \/ 17 \u00bb, c\u2019est un shoot de bonheur et d\u2019\u00e9nergie. C\u2019est soixante heures de diffusion d\u2019ondes positives. Plus besoin de caf\u00e9ine, de boissons \u00e9nergisantes ou m\u00eame de substances illicites. Accord : Menthe \/ Lait de Figue \/ Cashmeran\" \/>\n<meta name=\"robots\" content=\"index, follow, max-snippet:-1, max-image-preview:large, max-video-preview:-1\" \/>\n<link rel=\"canonical\" href=\"https:\/\/parlemoideparfum.com\/en\/boutique\/candle-diabolo-figue-17\/\" \/>\n<meta property=\"og:locale\" content=\"en_US\" \/>\n<meta property=\"og:type\" content=\"article\" \/>\n<meta property=\"og:title\" content=\"Diabolo Figue \/ 17 - Parle Moi de Parfum\" \/>\n<meta property=\"og:description\" content=\"Tout le monde a un souvenir \u00e0 la figue. Le n\u00f4tre, c\u2019est un m\u00e9lange limonade \u2013 sirop de menthe \u2013 figue. Cette odeur \u00e0 la fois p\u00e9tillante, gourmande et l\u00e9g\u00e8rement bois\u00e9e \u00e0 travers laquelle on aime se promener. \u00ab Diabolo Figue \/ 17 \u00bb, c\u2019est un shoot de bonheur et d\u2019\u00e9nergie. C\u2019est soixante heures de diffusion d\u2019ondes positives. Plus besoin de caf\u00e9ine, de boissons \u00e9nergisantes ou m\u00eame de substances illicites. Accord : Menthe \/ Lait de Figue \/ Cashmeran\" \/>\n<meta property=\"og:url\" content=\"https:\/\/parlemoideparfum.com\/en\/boutique\/candle-diabolo-figue-17\/\" \/>\n<meta property=\"og:site_name\" content=\"Parle Moi de Parfum\" \/>\n<meta property=\"article:publisher\" content=\"https:\/\/www.facebook.com\/parlemoideparfum\/\" \/>\n<meta property=\"article:modified_time\" content=\"2019-05-22T05:31:16+00:00\" \/>\n<meta property=\"og:image\" content=\"https:\/\/parlemoideparfum.com\/wp-content\/uploads\/2017\/10\/diabolo-figue-1.jpg\" \/>\n\t<meta property=\"og:image:width\" content=\"866\" \/>\n\t<meta property=\"og:image:height\" content=\"866\" \/>\n\t<meta property=\"og:image:type\" content=\"image\/jpeg\" \/>\n<meta name=\"twitter:card\" content=\"summary_large_image\" \/>\n<script type=\"application\/ld+json\" class=\"yoast-schema-graph\">{\"@context\":\"https:\/\/schema.org\",\"@graph\":[{\"@type\":\"WebPage\",\"@id\":\"https:\/\/parlemoideparfum.com\/en\/boutique\/candle-diabolo-figue-17\/\",\"url\":\"https:\/\/parlemoideparfum.com\/en\/boutique\/candle-diabolo-figue-17\/\",\"name\":\"Diabolo Figue \/ 17 - Parle Moi de Parfum\",\"isPartOf\":{\"@id\":\"https:\/\/parlemoideparfum.com\/en\/#website\"},\"primaryImageOfPage\":{\"@id\":\"https:\/\/parlemoideparfum.com\/en\/boutique\/candle-diabolo-figue-17\/#primaryimage\"},\"image\":{\"@id\":\"https:\/\/parlemoideparfum.com\/en\/boutique\/candle-diabolo-figue-17\/#primaryimage\"},\"thumbnailUrl\":\"https:\/\/parlemoideparfum.com\/wp-content\/uploads\/2017\/10\/diabolo-figue-1.jpg\",\"datePublished\":\"2017-10-10T12:44:33+00:00\",\"dateModified\":\"2019-05-22T05:31:16+00:00\",\"description\":\"Tout le monde a un souvenir \u00e0 la figue. Le n\u00f4tre, c\u2019est un m\u00e9lange limonade \u2013 sirop de menthe \u2013 figue. Cette odeur \u00e0 la fois p\u00e9tillante, gourmande et l\u00e9g\u00e8rement bois\u00e9e \u00e0 travers laquelle on aime se promener. \u00ab Diabolo Figue \/ 17 \u00bb, c\u2019est un shoot de bonheur et d\u2019\u00e9nergie. C\u2019est soixante heures de diffusion d\u2019ondes positives. Plus besoin de caf\u00e9ine, de boissons \u00e9nergisantes ou m\u00eame de substances illicites. Accord : Menthe \/ Lait de Figue \/ Cashmeran\",\"breadcrumb\":{\"@id\":\"https:\/\/parlemoideparfum.com\/en\/boutique\/candle-diabolo-figue-17\/#breadcrumb\"},\"inLanguage\":\"en-US\",\"potentialAction\":[{\"@type\":\"ReadAction\",\"target\":[\"https:\/\/parlemoideparfum.com\/en\/boutique\/candle-diabolo-figue-17\/\"]}]},{\"@type\":\"ImageObject\",\"inLanguage\":\"en-US\",\"@id\":\"https:\/\/parlemoideparfum.com\/en\/boutique\/candle-diabolo-figue-17\/#primaryimage\",\"url\":\"https:\/\/parlemoideparfum.com\/wp-content\/uploads\/2017\/10\/diabolo-figue-1.jpg\",\"contentUrl\":\"https:\/\/parlemoideparfum.com\/wp-content\/uploads\/2017\/10\/diabolo-figue-1.jpg\",\"width\":866,\"height\":866},{\"@type\":\"BreadcrumbList\",\"@id\":\"https:\/\/parlemoideparfum.com\/en\/boutique\/candle-diabolo-figue-17\/#breadcrumb\",\"itemListElement\":[{\"@type\":\"ListItem\",\"position\":1,\"name\":\"Accueil\",\"item\":\"https:\/\/parlemoideparfum.com\/en\/\"},{\"@type\":\"ListItem\",\"position\":2,\"name\":\"Shop\",\"item\":\"https:\/\/parlemoideparfum.com\/en\/eshop\/\"},{\"@type\":\"ListItem\",\"position\":3,\"name\":\"Diabolo Figue \/ 17\"}]},{\"@type\":\"WebSite\",\"@id\":\"https:\/\/parlemoideparfum.com\/en\/#website\",\"url\":\"https:\/\/parlemoideparfum.com\/en\/\",\"name\":\"Parle Moi de Parfum\",\"description\":\"Parfums de niche | Paris - Grasse\",\"publisher\":{\"@id\":\"https:\/\/parlemoideparfum.com\/en\/#organization\"},\"potentialAction\":[{\"@type\":\"SearchAction\",\"target\":{\"@type\":\"EntryPoint\",\"urlTemplate\":\"https:\/\/parlemoideparfum.com\/en\/?s={search_term_string}\"},\"query-input\":{\"@type\":\"PropertyValueSpecification\",\"valueRequired\":true,\"valueName\":\"search_term_string\"}}],\"inLanguage\":\"en-US\"},{\"@type\":\"Organization\",\"@id\":\"https:\/\/parlemoideparfum.com\/en\/#organization\",\"name\":\"Parle Moi de Parfum\",\"url\":\"https:\/\/parlemoideparfum.com\/en\/\",\"logo\":{\"@type\":\"ImageObject\",\"inLanguage\":\"en-US\",\"@id\":\"https:\/\/parlemoideparfum.com\/en\/#\/schema\/logo\/image\/\",\"url\":\"https:\/\/parlemoideparfum.com\/wp-content\/uploads\/2016\/09\/parle-moi-deparfum-logo-4.png\",\"contentUrl\":\"https:\/\/parlemoideparfum.com\/wp-content\/uploads\/2016\/09\/parle-moi-deparfum-logo-4.png\",\"width\":165,\"height\":165,\"caption\":\"Parle Moi de Parfum\"},\"image\":{\"@id\":\"https:\/\/parlemoideparfum.com\/en\/#\/schema\/logo\/image\/\"},\"sameAs\":[\"https:\/\/www.facebook.com\/parlemoideparfum\/\",\"https:\/\/www.instagram.com\/parlemoideparfum\/\"]}]}<\/script>\n<!-- \/ Yoast SEO plugin. -->","yoast_head_json":{"title":"Diabolo Figue \/ 17 - Parle Moi de Parfum","description":"Tout le monde a un souvenir \u00e0 la figue. Le n\u00f4tre, c\u2019est un m\u00e9lange limonade \u2013 sirop de menthe \u2013 figue. Cette odeur \u00e0 la fois p\u00e9tillante, gourmande et l\u00e9g\u00e8rement bois\u00e9e \u00e0 travers laquelle on aime se promener. \u00ab Diabolo Figue \/ 17 \u00bb, c\u2019est un shoot de bonheur et d\u2019\u00e9nergie. C\u2019est soixante heures de diffusion d\u2019ondes positives. Plus besoin de caf\u00e9ine, de boissons \u00e9nergisantes ou m\u00eame de substances illicites. Accord : Menthe \/ Lait de Figue \/ Cashmeran","robots":{"index":"index","follow":"follow","max-snippet":"max-snippet:-1","max-image-preview":"max-image-preview:large","max-video-preview":"max-video-preview:-1"},"canonical":"https:\/\/parlemoideparfum.com\/en\/boutique\/candle-diabolo-figue-17\/","og_locale":"en_US","og_type":"article","og_title":"Diabolo Figue \/ 17 - Parle Moi de Parfum","og_description":"Tout le monde a un souvenir \u00e0 la figue. Le n\u00f4tre, c\u2019est un m\u00e9lange limonade \u2013 sirop de menthe \u2013 figue. Cette odeur \u00e0 la fois p\u00e9tillante, gourmande et l\u00e9g\u00e8rement bois\u00e9e \u00e0 travers laquelle on aime se promener. \u00ab Diabolo Figue \/ 17 \u00bb, c\u2019est un shoot de bonheur et d\u2019\u00e9nergie. C\u2019est soixante heures de diffusion d\u2019ondes positives. Plus besoin de caf\u00e9ine, de boissons \u00e9nergisantes ou m\u00eame de substances illicites. Accord : Menthe \/ Lait de Figue \/ Cashmeran","og_url":"https:\/\/parlemoideparfum.com\/en\/boutique\/candle-diabolo-figue-17\/","og_site_name":"Parle Moi de Parfum","article_publisher":"https:\/\/www.facebook.com\/parlemoideparfum\/","article_modified_time":"2019-05-22T05:31:16+00:00","og_image":[{"width":866,"height":866,"url":"https:\/\/parlemoideparfum.com\/wp-content\/uploads\/2017\/10\/diabolo-figue-1.jpg","type":"image\/jpeg"}],"twitter_card":"summary_large_image","schema":{"@context":"https:\/\/schema.org","@graph":[{"@type":"WebPage","@id":"https:\/\/parlemoideparfum.com\/en\/boutique\/candle-diabolo-figue-17\/","url":"https:\/\/parlemoideparfum.com\/en\/boutique\/candle-diabolo-figue-17\/","name":"Diabolo Figue \/ 17 - Parle Moi de Parfum","isPartOf":{"@id":"https:\/\/parlemoideparfum.com\/en\/#website"},"primaryImageOfPage":{"@id":"https:\/\/parlemoideparfum.com\/en\/boutique\/candle-diabolo-figue-17\/#primaryimage"},"image":{"@id":"https:\/\/parlemoideparfum.com\/en\/boutique\/candle-diabolo-figue-17\/#primaryimage"},"thumbnailUrl":"https:\/\/parlemoideparfum.com\/wp-content\/uploads\/2017\/10\/diabolo-figue-1.jpg","datePublished":"2017-10-10T12:44:33+00:00","dateModified":"2019-05-22T05:31:16+00:00","description":"Tout le monde a un souvenir \u00e0 la figue. Le n\u00f4tre, c\u2019est un m\u00e9lange limonade \u2013 sirop de menthe \u2013 figue. Cette odeur \u00e0 la fois p\u00e9tillante, gourmande et l\u00e9g\u00e8rement bois\u00e9e \u00e0 travers laquelle on aime se promener. \u00ab Diabolo Figue \/ 17 \u00bb, c\u2019est un shoot de bonheur et d\u2019\u00e9nergie. C\u2019est soixante heures de diffusion d\u2019ondes positives. Plus besoin de caf\u00e9ine, de boissons \u00e9nergisantes ou m\u00eame de substances illicites. Accord : Menthe \/ Lait de Figue \/ Cashmeran","breadcrumb":{"@id":"https:\/\/parlemoideparfum.com\/en\/boutique\/candle-diabolo-figue-17\/#breadcrumb"},"inLanguage":"en-US","potentialAction":[{"@type":"ReadAction","target":["https:\/\/parlemoideparfum.com\/en\/boutique\/candle-diabolo-figue-17\/"]}]},{"@type":"ImageObject","inLanguage":"en-US","@id":"https:\/\/parlemoideparfum.com\/en\/boutique\/candle-diabolo-figue-17\/#primaryimage","url":"https:\/\/parlemoideparfum.com\/wp-content\/uploads\/2017\/10\/diabolo-figue-1.jpg","contentUrl":"https:\/\/parlemoideparfum.com\/wp-content\/uploads\/2017\/10\/diabolo-figue-1.jpg","width":866,"height":866},{"@type":"BreadcrumbList","@id":"https:\/\/parlemoideparfum.com\/en\/boutique\/candle-diabolo-figue-17\/#breadcrumb","itemListElement":[{"@type":"ListItem","position":1,"name":"Accueil","item":"https:\/\/parlemoideparfum.com\/en\/"},{"@type":"ListItem","position":2,"name":"Shop","item":"https:\/\/parlemoideparfum.com\/en\/eshop\/"},{"@type":"ListItem","position":3,"name":"Diabolo Figue \/ 17"}]},{"@type":"WebSite","@id":"https:\/\/parlemoideparfum.com\/en\/#website","url":"https:\/\/parlemoideparfum.com\/en\/","name":"Parle Moi de Parfum","description":"Parfums de niche | Paris - Grasse","publisher":{"@id":"https:\/\/parlemoideparfum.com\/en\/#organization"},"potentialAction":[{"@type":"SearchAction","target":{"@type":"EntryPoint","urlTemplate":"https:\/\/parlemoideparfum.com\/en\/?s={search_term_string}"},"query-input":{"@type":"PropertyValueSpecification","valueRequired":true,"valueName":"search_term_string"}}],"inLanguage":"en-US"},{"@type":"Organization","@id":"https:\/\/parlemoideparfum.com\/en\/#organization","name":"Parle Moi de Parfum","url":"https:\/\/parlemoideparfum.com\/en\/","logo":{"@type":"ImageObject","inLanguage":"en-US","@id":"https:\/\/parlemoideparfum.com\/en\/#\/schema\/logo\/image\/","url":"https:\/\/parlemoideparfum.com\/wp-content\/uploads\/2016\/09\/parle-moi-deparfum-logo-4.png","contentUrl":"https:\/\/parlemoideparfum.com\/wp-content\/uploads\/2016\/09\/parle-moi-deparfum-logo-4.png","width":165,"height":165,"caption":"Parle Moi de Parfum"},"image":{"@id":"https:\/\/parlemoideparfum.com\/en\/#\/schema\/logo\/image\/"},"sameAs":["https:\/\/www.facebook.com\/parlemoideparfum\/","https:\/\/www.instagram.com\/parlemoideparfum\/"]}]}},"_links":{"self":[{"href":"https:\/\/parlemoideparfum.com\/en\/wp-json\/wp\/v2\/product\/1262","targetHints":{"allow":["GET"]}}],"collection":[{"href":"https:\/\/parlemoideparfum.com\/en\/wp-json\/wp\/v2\/product"}],"about":[{"href":"https:\/\/parlemoideparfum.com\/en\/wp-json\/wp\/v2\/types\/product"}],"wp:featuredmedia":[{"embeddable":true,"href":"https:\/\/parlemoideparfum.com\/en\/wp-json\/wp\/v2\/media\/1264"}],"wp:attachment":[{"href":"https:\/\/parlemoideparfum.com\/en\/wp-json\/wp\/v2\/media?parent=1262"}],"wp:term":[{"taxonomy":"product_brand","embeddable":true,"href":"https:\/\/parlemoideparfum.com\/en\/wp-json\/wp\/v2\/product_brand?post=1262"},{"taxonomy":"product_cat","embeddable":true,"href":"https:\/\/parlemoideparfum.com\/en\/wp-json\/wp\/v2\/product_cat?post=1262"},{"taxonomy":"product_tag","embeddable":true,"href":"https:\/\/parlemoideparfum.com\/en\/wp-json\/wp\/v2\/product_tag?post=1262"}],"curies":[{"name":"wp","href":"https:\/\/api.w.org\/{rel}","templated":true}]}}