{"id":3018,"date":"2018-12-19T07:14:46","date_gmt":"2018-12-19T06:14:46","guid":{"rendered":"https:\/\/parlemoideparfum.com\/?page_id=3018"},"modified":"2018-12-19T07:15:07","modified_gmt":"2018-12-19T06:15:07","slug":"privacy-policy","status":"publish","type":"page","link":"https:\/\/parlemoideparfum.com\/en\/privacy-policy\/","title":{"rendered":"Privacy policy"},"content":{"rendered":"<p>[spb_text_block animation=&#8221;none&#8221; animation_delay=&#8221;0&#8243; simplified_controls=&#8221;yes&#8221; custom_css_percentage=&#8221;no&#8221; padding_vertical=&#8221;0&#8243; padding_horizontal=&#8221;0&#8243; margin_vertical=&#8221;0&#8243; custom_css=&#8221;margin-top: 0px;margin-bottom: 0px;&#8221; border_size=&#8221;0&#8243; border_styling_global=&#8221;default&#8221; width=&#8221;1\/1&#8243; el_position=&#8221;first last&#8221;]<\/p>\n<h1 style=\"text-align: center;\"><span style=\"font-size: 16pt;\">Privacy policy<\/span><\/h1>\n<p>[\/spb_text_block] [spb_text_block animation=&#8221;none&#8221; animation_delay=&#8221;0&#8243; simplified_controls=&#8221;yes&#8221; custom_css_percentage=&#8221;no&#8221; padding_vertical=&#8221;0&#8243; padding_horizontal=&#8221;0&#8243; margin_vertical=&#8221;0&#8243; custom_css=&#8221;margin-top: 0px;margin-bottom: 0px;&#8221; border_size=&#8221;0&#8243; border_styling_global=&#8221;default&#8221; width=&#8221;1\/2&#8243; el_position=&#8221;first&#8221;]<\/p>\n<h2>G\u00e9n\u00e9ralit\u00e9s<\/h2>\n<p>Vous pouvez naviguer sur une grande partie de notre site sans fournir de donn\u00e9es \u00e0 caract\u00e8re personnel. Cependant, dans certains cas, nous sommes amen\u00e9s \u00e0 vous demander certaines informations personnelles.<\/p>\n<p>La pr\u00e9sente politique vise \u00e0 vous informer de nos pratiques concernant la collecte et l\u2019utilisation des informations que vous \u00eates amen\u00e9s \u00e0 nous communiquer. Le responsable du traitement de ces donn\u00e9es est Benjamin Almairac joignable par email \u00e0 <a href=\"mailto:benjamin.almairac@gmail.com\" target=\"_blank\" rel=\"noopener\">benjamin.almairac@gmail.com<\/a>.<\/p>\n<p>Toutes les informations recueillies :<\/p>\n<p>\u2022 seront obtenues et trait\u00e9es loyalement et licitement<br \/>\n\u2022 seront enregistr\u00e9es pour les finalit\u00e9s ci-apr\u00e8s d\u00e9termin\u00e9es et l\u00e9gitimes<br \/>\n\u2022 seront employ\u00e9es conform\u00e9ment \u00e0 ces finalit\u00e9s<br \/>\n\u2022 seront ad\u00e9quates, pertinentes et non excessives par rapport \u00e0 ces finalit\u00e9s<br \/>\n\u2022 feront l\u2019objet de pr\u00e9cautions de nature \u00e0 assurer la s\u00e9curit\u00e9 et la confidentialit\u00e9 des donn\u00e9es en vue d\u2019emp\u00eacher qu\u2019elles puissent \u00eatre endommag\u00e9es, modifi\u00e9es, d\u00e9truites ou communiqu\u00e9es \u00e0 des tiers non autoris\u00e9s<\/p>\n<h2>Quelles donn\u00e9es personnelles nous collectons et pourquoi nous les collectons ?<\/h2>\n<p>Lorsque vous passez commande sur <a href=\"https:\/\/parlemoideparfum.com\/\">parlemoideparfum.com<\/a>, vous \u00eates amen\u00e9s \u00e0 nous communiquer certaines informations personnelles.<\/p>\n<p>Ces informations concernent votre identit\u00e9 et sont indispensables : civilit\u00e9 \/ nom \/ pr\u00e9nom \/ email \/ adresse postale.<\/p>\n<p>D\u2019autres informations sont facultatives : soci\u00e9t\u00e9 \/ t\u00e9l\u00e9phone.<\/p>\n<p>La collecte des donn\u00e9es \u00e0 caract\u00e8re personnel a pour finalit\u00e9 :<\/p>\n<p>\u2022 de suivre et de traiter les commandes re\u00e7ues<br \/>\n\u2022 de communiquer avec les clients (envoi d\u2019email\u2026)<\/p>\n<h2>M\u00e9dias<\/h2>\n<p>Tous les \u00e9l\u00e9ments du site <a href=\"https:\/\/parlemoideparfum.com\/\">parlemoideparfum.com<\/a> sont et restent la propri\u00e9t\u00e9 intellectuelle et exclusive de ????. Personne n\u2019est autoris\u00e9 \u00e0 reproduire, exploiter, rediffuser, ou utiliser \u00e0 quelque titre que ce soit, m\u00eame partiellement, des \u00e9l\u00e9ments du site qu\u2019ils soient logiciels, visuels ou sonores.<\/p>\n<h2>Cookies<\/h2>\n<p>Si vous laissez un commentaire sur notre site, vous pouvez choisir d\u2019enregistrer votre nom, votre adresse e-mail et votre site Web dans des cookies. Ce sont pour votre commodit\u00e9 afin que vous n\u2019ayez pas \u00e0 remplir \u00e0 nouveau vos informations lorsque vous laissez un autre commentaire. Ces cookies dureront un an.<\/p>\n<p>Si vous avez un compte et que vous vous connectez \u00e0 ce site, nous allons d\u00e9finir un cookie temporaire pour d\u00e9terminer si votre navigateur accepte les cookies. Ce cookie ne contient aucune donn\u00e9e personnelle et est supprim\u00e9 lorsque vous fermez votre navigateur.<\/p>\n<p>Lorsque vous vous connectez, nous allons \u00e9galement configurer plusieurs cookies pour enregistrer vos informations de connexion et vos choix d\u2019affichage \u00e0 l\u2019\u00e9cran. Les cookies de connexion durent deux jours et les options des cookies d\u2019\u00e9cran durent un an. Si vous s\u00e9lectionnez \u00ab Se souvenir de moi \u00bb, votre connexion persistera pendant deux semaines. Si vous vous d\u00e9connectez de votre compte, les cookies de connexion seront supprim\u00e9s.<\/p>\n<h2>Analytique<\/h2>\n<p>Le site parlemoideparfum.com a par ailleurs recours aux techniques de cookies lui permettant de traiter des donn\u00e9es de navigation (informations non personnelles). Consultez la page Mentions l\u00e9gales pour plus d\u2019information.<\/p>\n<h2>Avec qui partageons-nous vos donn\u00e9es ?<\/h2>\n<p>Les commentaires des visiteurs peuvent \u00eatre v\u00e9rifi\u00e9s via un service automatis\u00e9 de d\u00e9tection de spam.<\/p>\n<p>Nous sommes susceptibles de partager vos donn\u00e9es avec des prestataires de services (webmaster et traitement des commandes le cas \u00e9ch\u00e9ant) dans le respect de la stricte application de la pr\u00e9sente politique. L\u2019acc\u00e8s aux donn\u00e9es \u00e0 caract\u00e8re personnel collect\u00e9es est strictement limit\u00e9 aux personnes en charge du traitement de l\u2019information.<\/p>\n<p>Les sous-traitants et prestataires de service sont soumis \u00e0 une obligation de confidentialit\u00e9 et ne peuvent utiliser les donn\u00e9es qu\u2019en conformit\u00e9 avec les dispositions contractuelles et la l\u00e9gislation applicable.<\/p>\n<p>[\/spb_text_block] [spb_text_block animation=&#8221;none&#8221; animation_delay=&#8221;0&#8243; simplified_controls=&#8221;yes&#8221; custom_css_percentage=&#8221;no&#8221; padding_vertical=&#8221;0&#8243; padding_horizontal=&#8221;0&#8243; margin_vertical=&#8221;0&#8243; custom_css=&#8221;margin-top: 0px;margin-bottom: 0px;&#8221; border_size=&#8221;0&#8243; border_styling_global=&#8221;default&#8221; width=&#8221;1\/2&#8243; el_position=&#8221;last&#8221;]<\/p>\n<h2>Combien de temps nous conservons vos donn\u00e9es<\/h2>\n<p>Pour les utilisateurs qui s\u2019inscrivent sur notre site Web (le cas \u00e9ch\u00e9ant), nous stockons \u00e9galement les informations personnelles qu\u2019ils fournissent dans leur profil d\u2019utilisateur. Tous les utilisateurs peuvent voir, modifier ou supprimer leurs informations personnelles \u00e0 tout moment (sauf qu\u2019ils ne peuvent pas changer leur nom d\u2019utilisateur). Les administrateurs de sites Web peuvent \u00e9galement voir et modifier ces informations.<\/p>\n<p>La suppression de ces donn\u00e9es personnelles s\u2019effectuera une fois par ann\u00e9e civile sauf si vous exercez pr\u00e9alablement votre droit de suppression de vos donn\u00e9es, dans les conditions d\u00e9crites ci-apr\u00e8s.<\/p>\n<h2>Quels droits avez-vous sur vos donn\u00e9es ?<\/h2>\n<p>Si vous avez un compte sur ce site vous pouvez demander \u00e0 recevoir un fichier export\u00e9 des donn\u00e9es personnelles que nous d\u00e9tenons \u00e0 votre sujet, y compris les donn\u00e9es que vous nous avez fournies. Vous pouvez \u00e9galement demander que nous effacions toutes les donn\u00e9es personnelles que nous d\u00e9tenons \u00e0 votre sujet. Cela n\u2019inclut pas les donn\u00e9es que nous sommes oblig\u00e9s de conserver \u00e0 des fins administratives, juridiques ou de s\u00e9curit\u00e9.<\/p>\n<h2>Quels sont vos droits ?<\/h2>\n<p>\u2022 Droit d\u2019acc\u00e8s : Vous disposez du droit de recevoir une copie de vos donn\u00e9es que nous poss\u00e9dons.<br \/>\n\u2022 Droit d\u2019effacement et droit de rectification : Vous pouvez \u00e9galement demander l\u2019effacement de vos donn\u00e9es ainsi que la rectification de toute erreur ou information obsol\u00e8te.<br \/>\n\u2022 Droit d\u2019opposition : Vous disposez \u00e9galement du droit de vous opposer \u00e0 tout moment au traitement de vos donn\u00e9es personnelles \u00e0 des fins de marketing ou aux traitements effectu\u00e9s.<br \/>\n\u2022 Droit \u00e0 la limitation : Vous disposez, dans certains cas vis\u00e9s par la r\u00e9glementation, du droit de demander la suspension d\u2019un traitement effectu\u00e9 sur vos donn\u00e9es.<br \/>\n\u2022 Droit \u00e0 la portabilit\u00e9 : Vous disposez du droit \u00e0 la portabilit\u00e9 de vos donn\u00e9es, c\u2019est-\u00e0-dire au droit de recevoir les donn\u00e9es que nous poss\u00e9dons dans un format structur\u00e9, couramment utilis\u00e9 et lisible et le droit de transmettre ces donn\u00e9es \u00e0 un autre responsable de traitement.<br \/>\n\u2022 Droit \u00e0 l\u2019oubli : Vous disposez du droit de d\u00e9finir des directives relatives au sort de vos donn\u00e9es personnelles.<\/p>\n<p>Vous pouvez exercer vos droits sur simple demande envoy\u00e9e par courrier \u00e9lectronique \u00e0 l\u2019adresse : benjamin.almairac@gmail.com. Toute demande doit \u00eatre claire et pr\u00e9cise.<\/p>\n<h2>O\u00f9 nous envoyons vos donn\u00e9es<\/h2>\n<p>Vos donn\u00e9es ne seront jamais transf\u00e9r\u00e9es ni conserv\u00e9es au-dehors de l\u2019Union Europ\u00e9enne.<\/p>\n<h2>Comment prot\u00e9geons-nous vos donn\u00e9es<\/h2>\n<p>Vos donn\u00e9es \u00e0 caract\u00e8re personnel sont trait\u00e9es de fa\u00e7on \u00e0 garantir une s\u00e9curit\u00e9 maximale.<\/p>\n<p>A cet effet, nous avons mis en place des mesures techniques, de mises \u00e0 jour logicielles et des infrastructures informatiques appropri\u00e9es afin de prot\u00e9ger les donn\u00e9es contre toute attaque informatique et contre les virus.<\/p>\n<p>Parle Moi de Parfum s\u2019assure que ses sous-traitants et prestataires de services mettent en \u0153uvre toutes les mesures de s\u00e9curit\u00e9 appropri\u00e9es aux donn\u00e9es personnelles qu\u2019ils traitent.<\/p>\n<p>Parle Moi de Parfum s\u2019engage \u00e0 analyser et \u00e0 \u00e9valuer r\u00e9guli\u00e8rement l\u2019efficacit\u00e9 de ces mesures.<\/p>\n<h2>Modifications de la pr\u00e9sente Politique<\/h2>\n<p>Nous nous r\u00e9servons le droit de modifier \u00e0 tout moment la pr\u00e9sente Politique, en tenant compte des dispositions en vigueur.<\/p>\n<p>[\/spb_text_block]<\/p>\n","protected":false},"excerpt":{"rendered":"<p>[spb_text_block animation=&#8221;none&#8221; animation_delay=&#8221;0&#8243; simplified_controls=&#8221;yes&#8221; custom_css_percentage=&#8221;no&#8221; padding_vertical=&#8221;0&#8243; padding_horizontal=&#8221;0&#8243; margin_vertical=&#8221;0&#8243; custom_css=&#8221;margin-top: 0px;margin-bottom: 0px;&#8221; border_size=&#8221;0&#8243; border_styling_global=&#8221;default&#8221; width=&#8221;1\/1&#8243; el_position=&#8221;first last&#8221;] Privacy policy [\/spb_text_block] [spb_text_block animation=&#8221;none&#8221; animation_delay=&#8221;0&#8243; simplified_controls=&#8221;yes&#8221; custom_css_percentage=&#8221;no&#8221; padding_vertical=&#8221;0&#8243; padding_horizontal=&#8221;0&#8243; margin_vertical=&#8221;0&#8243; custom_css=&#8221;margin-top: 0px;margin-bottom: 0px;&#8221; border_size=&#8221;0&#8243; border_styling_global=&#8221;default&#8221; width=&#8221;1\/2&#8243; el_position=&#8221;first&#8221;] G\u00e9n\u00e9ralit\u00e9s Vous pouvez naviguer sur une grande partie de notre site sans fournir de donn\u00e9es \u00e0 caract\u00e8re personnel. Cependant, dans certains cas, nous sommes amen\u00e9s \u00e0 [&hellip;]<\/p>\n","protected":false},"author":1,"featured_media":0,"parent":0,"menu_order":0,"comment_status":"closed","ping_status":"closed","template":"","meta":{"footnotes":""},"class_list":["post-3018","page","type-page","status-publish","hentry"],"yoast_head":"<!-- This site is optimized with the Yoast SEO plugin v24.8.1 - https:\/\/yoast.com\/wordpress\/plugins\/seo\/ -->\n<title>Privacy policy - Parle Moi de Parfum<\/title>\n<meta name=\"robots\" content=\"index, follow, max-snippet:-1, max-image-preview:large, max-video-preview:-1\" \/>\n<link rel=\"canonical\" href=\"https:\/\/parlemoideparfum.com\/en\/privacy-policy\/\" \/>\n<meta property=\"og:locale\" content=\"en_US\" \/>\n<meta property=\"og:type\" content=\"article\" \/>\n<meta property=\"og:title\" content=\"Privacy policy - Parle Moi de Parfum\" \/>\n<meta property=\"og:description\" content=\"[spb_text_block animation=&#8221;none&#8221; animation_delay=&#8221;0&#8243; simplified_controls=&#8221;yes&#8221; custom_css_percentage=&#8221;no&#8221; padding_vertical=&#8221;0&#8243; padding_horizontal=&#8221;0&#8243; margin_vertical=&#8221;0&#8243; custom_css=&#8221;margin-top: 0px;margin-bottom: 0px;&#8221; border_size=&#8221;0&#8243; border_styling_global=&#8221;default&#8221; width=&#8221;1\/1&#8243; el_position=&#8221;first last&#8221;] Privacy policy [\/spb_text_block] [spb_text_block animation=&#8221;none&#8221; animation_delay=&#8221;0&#8243; simplified_controls=&#8221;yes&#8221; custom_css_percentage=&#8221;no&#8221; padding_vertical=&#8221;0&#8243; padding_horizontal=&#8221;0&#8243; margin_vertical=&#8221;0&#8243; custom_css=&#8221;margin-top: 0px;margin-bottom: 0px;&#8221; border_size=&#8221;0&#8243; border_styling_global=&#8221;default&#8221; width=&#8221;1\/2&#8243; el_position=&#8221;first&#8221;] G\u00e9n\u00e9ralit\u00e9s Vous pouvez naviguer sur une grande partie de notre site sans fournir de donn\u00e9es \u00e0 caract\u00e8re personnel. Cependant, dans certains cas, nous sommes amen\u00e9s \u00e0 [&hellip;]\" \/>\n<meta property=\"og:url\" content=\"https:\/\/parlemoideparfum.com\/en\/privacy-policy\/\" \/>\n<meta property=\"og:site_name\" content=\"Parle Moi de Parfum\" \/>\n<meta property=\"article:publisher\" content=\"https:\/\/www.facebook.com\/parlemoideparfum\/\" \/>\n<meta property=\"article:modified_time\" content=\"2018-12-19T06:15:07+00:00\" \/>\n<meta name=\"twitter:card\" content=\"summary_large_image\" \/>\n<meta name=\"twitter:label1\" content=\"Est. reading time\" \/>\n\t<meta name=\"twitter:data1\" content=\"6 minutes\" \/>\n<script type=\"application\/ld+json\" class=\"yoast-schema-graph\">{\"@context\":\"https:\/\/schema.org\",\"@graph\":[{\"@type\":\"WebPage\",\"@id\":\"https:\/\/parlemoideparfum.com\/en\/privacy-policy\/\",\"url\":\"https:\/\/parlemoideparfum.com\/en\/privacy-policy\/\",\"name\":\"Privacy policy - Parle Moi de Parfum\",\"isPartOf\":{\"@id\":\"https:\/\/parlemoideparfum.com\/en\/#website\"},\"datePublished\":\"2018-12-19T06:14:46+00:00\",\"dateModified\":\"2018-12-19T06:15:07+00:00\",\"breadcrumb\":{\"@id\":\"https:\/\/parlemoideparfum.com\/en\/privacy-policy\/#breadcrumb\"},\"inLanguage\":\"en-US\",\"potentialAction\":[{\"@type\":\"ReadAction\",\"target\":[\"https:\/\/parlemoideparfum.com\/en\/privacy-policy\/\"]}]},{\"@type\":\"BreadcrumbList\",\"@id\":\"https:\/\/parlemoideparfum.com\/en\/privacy-policy\/#breadcrumb\",\"itemListElement\":[{\"@type\":\"ListItem\",\"position\":1,\"name\":\"Accueil\",\"item\":\"https:\/\/parlemoideparfum.com\/en\/\"},{\"@type\":\"ListItem\",\"position\":2,\"name\":\"Privacy policy\"}]},{\"@type\":\"WebSite\",\"@id\":\"https:\/\/parlemoideparfum.com\/en\/#website\",\"url\":\"https:\/\/parlemoideparfum.com\/en\/\",\"name\":\"Parle Moi de Parfum\",\"description\":\"Parfums de niche | Paris - Grasse\",\"publisher\":{\"@id\":\"https:\/\/parlemoideparfum.com\/en\/#organization\"},\"potentialAction\":[{\"@type\":\"SearchAction\",\"target\":{\"@type\":\"EntryPoint\",\"urlTemplate\":\"https:\/\/parlemoideparfum.com\/en\/?s={search_term_string}\"},\"query-input\":{\"@type\":\"PropertyValueSpecification\",\"valueRequired\":true,\"valueName\":\"search_term_string\"}}],\"inLanguage\":\"en-US\"},{\"@type\":\"Organization\",\"@id\":\"https:\/\/parlemoideparfum.com\/en\/#organization\",\"name\":\"Parle Moi de Parfum\",\"url\":\"https:\/\/parlemoideparfum.com\/en\/\",\"logo\":{\"@type\":\"ImageObject\",\"inLanguage\":\"en-US\",\"@id\":\"https:\/\/parlemoideparfum.com\/en\/#\/schema\/logo\/image\/\",\"url\":\"https:\/\/parlemoideparfum.com\/wp-content\/uploads\/2016\/09\/parle-moi-deparfum-logo-4.png\",\"contentUrl\":\"https:\/\/parlemoideparfum.com\/wp-content\/uploads\/2016\/09\/parle-moi-deparfum-logo-4.png\",\"width\":165,\"height\":165,\"caption\":\"Parle Moi de Parfum\"},\"image\":{\"@id\":\"https:\/\/parlemoideparfum.com\/en\/#\/schema\/logo\/image\/\"},\"sameAs\":[\"https:\/\/www.facebook.com\/parlemoideparfum\/\",\"https:\/\/www.instagram.com\/parlemoideparfum\/\"]}]}<\/script>\n<!-- \/ Yoast SEO plugin. -->","yoast_head_json":{"title":"Privacy policy - Parle Moi de Parfum","robots":{"index":"index","follow":"follow","max-snippet":"max-snippet:-1","max-image-preview":"max-image-preview:large","max-video-preview":"max-video-preview:-1"},"canonical":"https:\/\/parlemoideparfum.com\/en\/privacy-policy\/","og_locale":"en_US","og_type":"article","og_title":"Privacy policy - Parle Moi de Parfum","og_description":"[spb_text_block animation=&#8221;none&#8221; animation_delay=&#8221;0&#8243; simplified_controls=&#8221;yes&#8221; custom_css_percentage=&#8221;no&#8221; padding_vertical=&#8221;0&#8243; padding_horizontal=&#8221;0&#8243; margin_vertical=&#8221;0&#8243; custom_css=&#8221;margin-top: 0px;margin-bottom: 0px;&#8221; border_size=&#8221;0&#8243; border_styling_global=&#8221;default&#8221; width=&#8221;1\/1&#8243; el_position=&#8221;first last&#8221;] Privacy policy [\/spb_text_block] [spb_text_block animation=&#8221;none&#8221; animation_delay=&#8221;0&#8243; simplified_controls=&#8221;yes&#8221; custom_css_percentage=&#8221;no&#8221; padding_vertical=&#8221;0&#8243; padding_horizontal=&#8221;0&#8243; margin_vertical=&#8221;0&#8243; custom_css=&#8221;margin-top: 0px;margin-bottom: 0px;&#8221; border_size=&#8221;0&#8243; border_styling_global=&#8221;default&#8221; width=&#8221;1\/2&#8243; el_position=&#8221;first&#8221;] G\u00e9n\u00e9ralit\u00e9s Vous pouvez naviguer sur une grande partie de notre site sans fournir de donn\u00e9es \u00e0 caract\u00e8re personnel. Cependant, dans certains cas, nous sommes amen\u00e9s \u00e0 [&hellip;]","og_url":"https:\/\/parlemoideparfum.com\/en\/privacy-policy\/","og_site_name":"Parle Moi de Parfum","article_publisher":"https:\/\/www.facebook.com\/parlemoideparfum\/","article_modified_time":"2018-12-19T06:15:07+00:00","twitter_card":"summary_large_image","twitter_misc":{"Est. reading time":"6 minutes"},"schema":{"@context":"https:\/\/schema.org","@graph":[{"@type":"WebPage","@id":"https:\/\/parlemoideparfum.com\/en\/privacy-policy\/","url":"https:\/\/parlemoideparfum.com\/en\/privacy-policy\/","name":"Privacy policy - Parle Moi de Parfum","isPartOf":{"@id":"https:\/\/parlemoideparfum.com\/en\/#website"},"datePublished":"2018-12-19T06:14:46+00:00","dateModified":"2018-12-19T06:15:07+00:00","breadcrumb":{"@id":"https:\/\/parlemoideparfum.com\/en\/privacy-policy\/#breadcrumb"},"inLanguage":"en-US","potentialAction":[{"@type":"ReadAction","target":["https:\/\/parlemoideparfum.com\/en\/privacy-policy\/"]}]},{"@type":"BreadcrumbList","@id":"https:\/\/parlemoideparfum.com\/en\/privacy-policy\/#breadcrumb","itemListElement":[{"@type":"ListItem","position":1,"name":"Accueil","item":"https:\/\/parlemoideparfum.com\/en\/"},{"@type":"ListItem","position":2,"name":"Privacy policy"}]},{"@type":"WebSite","@id":"https:\/\/parlemoideparfum.com\/en\/#website","url":"https:\/\/parlemoideparfum.com\/en\/","name":"Parle Moi de Parfum","description":"Parfums de niche | Paris - Grasse","publisher":{"@id":"https:\/\/parlemoideparfum.com\/en\/#organization"},"potentialAction":[{"@type":"SearchAction","target":{"@type":"EntryPoint","urlTemplate":"https:\/\/parlemoideparfum.com\/en\/?s={search_term_string}"},"query-input":{"@type":"PropertyValueSpecification","valueRequired":true,"valueName":"search_term_string"}}],"inLanguage":"en-US"},{"@type":"Organization","@id":"https:\/\/parlemoideparfum.com\/en\/#organization","name":"Parle Moi de Parfum","url":"https:\/\/parlemoideparfum.com\/en\/","logo":{"@type":"ImageObject","inLanguage":"en-US","@id":"https:\/\/parlemoideparfum.com\/en\/#\/schema\/logo\/image\/","url":"https:\/\/parlemoideparfum.com\/wp-content\/uploads\/2016\/09\/parle-moi-deparfum-logo-4.png","contentUrl":"https:\/\/parlemoideparfum.com\/wp-content\/uploads\/2016\/09\/parle-moi-deparfum-logo-4.png","width":165,"height":165,"caption":"Parle Moi de Parfum"},"image":{"@id":"https:\/\/parlemoideparfum.com\/en\/#\/schema\/logo\/image\/"},"sameAs":["https:\/\/www.facebook.com\/parlemoideparfum\/","https:\/\/www.instagram.com\/parlemoideparfum\/"]}]}},"_links":{"self":[{"href":"https:\/\/parlemoideparfum.com\/en\/wp-json\/wp\/v2\/pages\/3018","targetHints":{"allow":["GET"]}}],"collection":[{"href":"https:\/\/parlemoideparfum.com\/en\/wp-json\/wp\/v2\/pages"}],"about":[{"href":"https:\/\/parlemoideparfum.com\/en\/wp-json\/wp\/v2\/types\/page"}],"author":[{"embeddable":true,"href":"https:\/\/parlemoideparfum.com\/en\/wp-json\/wp\/v2\/users\/1"}],"replies":[{"embeddable":true,"href":"https:\/\/parlemoideparfum.com\/en\/wp-json\/wp\/v2\/comments?post=3018"}],"version-history":[{"count":0,"href":"https:\/\/parlemoideparfum.com\/en\/wp-json\/wp\/v2\/pages\/3018\/revisions"}],"wp:attachment":[{"href":"https:\/\/parlemoideparfum.com\/en\/wp-json\/wp\/v2\/media?parent=3018"}],"curies":[{"name":"wp","href":"https:\/\/api.w.org\/{rel}","templated":true}]}}