{"id":3015,"date":"2018-12-19T07:11:49","date_gmt":"2018-12-19T06:11:49","guid":{"rendered":"https:\/\/parlemoideparfum.com\/?page_id=3015"},"modified":"2023-01-09T16:10:44","modified_gmt":"2023-01-09T15:10:44","slug":"legal-notice","status":"publish","type":"page","link":"https:\/\/parlemoideparfum.com\/en\/legal-notice\/","title":{"rendered":"Legal Notice"},"content":{"rendered":"<p>[spb_text_block animation=&#8221;none&#8221; animation_delay=&#8221;0&#8243; simplified_controls=&#8221;yes&#8221; custom_css_percentage=&#8221;no&#8221; padding_vertical=&#8221;0&#8243; padding_horizontal=&#8221;0&#8243; margin_vertical=&#8221;0&#8243; custom_css=&#8221;margin-top: 0px;margin-bottom: 0px;&#8221; border_size=&#8221;0&#8243; border_styling_global=&#8221;default&#8221; width=&#8221;1\/1&#8243; el_position=&#8221;first last&#8221;]<\/p>\n<h1 style=\"text-align: center;\"><span style=\"font-size: 16pt;\">Legal Notice<\/span><\/h1>\n<p>[\/spb_text_block] [spb_text_block animation=&#8221;none&#8221; animation_delay=&#8221;0&#8243; simplified_controls=&#8221;yes&#8221; custom_css_percentage=&#8221;no&#8221; padding_vertical=&#8221;0&#8243; padding_horizontal=&#8221;0&#8243; margin_vertical=&#8221;0&#8243; custom_css=&#8221;margin-top: 0px;margin-bottom: 0px;&#8221; border_size=&#8221;0&#8243; border_styling_global=&#8221;default&#8221; width=&#8221;1\/2&#8243; el_position=&#8221;first&#8221;]<\/p>\n<h2>Site editor<\/h2>\n<p>Parle Moi de Parfum<br \/>\n10 Rue de S\u00e9vign\u00e9<br \/>\n75004 Paris<br \/>\nFrance<\/p>\n<p>SIRET : 820 363 927 00014<\/p>\n<h2>Publication Manager<\/h2>\n<p>Benjamin Almairac<br \/>\ncontact@parlemoideparfum.com<br \/>\n+33 (0)9 86 47 07 99<\/p>\n<p>[\/spb_text_block] [spb_text_block animation=&#8221;none&#8221; animation_delay=&#8221;0&#8243; simplified_controls=&#8221;yes&#8221; custom_css_percentage=&#8221;no&#8221; padding_vertical=&#8221;0&#8243; padding_horizontal=&#8221;0&#8243; margin_vertical=&#8221;0&#8243; custom_css=&#8221;margin-top: 0px;margin-bottom: 0px;&#8221; border_size=&#8221;0&#8243; border_styling_global=&#8221;default&#8221; width=&#8221;1\/2&#8243; el_position=&#8221;last&#8221;]<\/p>\n<h2>Provider<\/h2>\n<p>Ionos 1&amp;1<br \/>\n7 Place de la Gare<br \/>\n57200 Sarreguemines<br \/>\nionos.fr<\/p>\n<p>SARL au Capital de 100.000 EUR ayant son si\u00e8ge social \u00e0 Sarreguemines, France immatricul\u00e9e sous le num\u00e9ro de SIRET 431 303 775 000 16 \u2013 APE 642 B \u2013 R.C.S Sarreguemines. Direction : Achim WEISS , Matthias STEINBERG.<br \/>\nN\u00b0TVA : FR 13 431303775<br \/>\nT\u00e9l\u00e9phone : +33 (0)970 808 911<\/p>\n<h2>Identity &amp; webdesign<\/h2>\n<p><a href=\"https:\/\/www.g981.com\/\" target=\"_blank\" rel=\"noopener noreferrer\">Conception and webdesign : Micha\u00ebl van Houten<\/a><\/p>\n<p>[\/spb_text_block]<\/p>\n","protected":false},"excerpt":{"rendered":"<p>[spb_text_block animation=&#8221;none&#8221; animation_delay=&#8221;0&#8243; simplified_controls=&#8221;yes&#8221; custom_css_percentage=&#8221;no&#8221; padding_vertical=&#8221;0&#8243; padding_horizontal=&#8221;0&#8243; margin_vertical=&#8221;0&#8243; custom_css=&#8221;margin-top: 0px;margin-bottom: 0px;&#8221; border_size=&#8221;0&#8243; border_styling_global=&#8221;default&#8221; width=&#8221;1\/1&#8243; el_position=&#8221;first last&#8221;] Legal Notice [\/spb_text_block] [spb_text_block animation=&#8221;none&#8221; animation_delay=&#8221;0&#8243; simplified_controls=&#8221;yes&#8221; custom_css_percentage=&#8221;no&#8221; padding_vertical=&#8221;0&#8243; padding_horizontal=&#8221;0&#8243; margin_vertical=&#8221;0&#8243; custom_css=&#8221;margin-top: 0px;margin-bottom: 0px;&#8221; border_size=&#8221;0&#8243; border_styling_global=&#8221;default&#8221; width=&#8221;1\/2&#8243; el_position=&#8221;first&#8221;] Site editor Parle Moi de Parfum 10 Rue de S\u00e9vign\u00e9 75004 Paris France SIRET : 820 363 927 00014 Publication Manager Benjamin Almairac contact@parlemoideparfum.com +33 (0)9 [&hellip;]<\/p>\n","protected":false},"author":1,"featured_media":0,"parent":0,"menu_order":0,"comment_status":"closed","ping_status":"closed","template":"","meta":{"footnotes":""},"class_list":["post-3015","page","type-page","status-publish","hentry"],"yoast_head":"<!-- This site is optimized with the Yoast SEO plugin v24.8.1 - https:\/\/yoast.com\/wordpress\/plugins\/seo\/ -->\n<title>Legal Notice - Parle Moi de Parfum<\/title>\n<meta name=\"robots\" content=\"index, follow, max-snippet:-1, max-image-preview:large, max-video-preview:-1\" \/>\n<link rel=\"canonical\" href=\"https:\/\/parlemoideparfum.com\/en\/legal-notice\/\" \/>\n<meta property=\"og:locale\" content=\"en_US\" \/>\n<meta property=\"og:type\" content=\"article\" \/>\n<meta property=\"og:title\" content=\"Legal Notice - Parle Moi de Parfum\" \/>\n<meta property=\"og:description\" content=\"[spb_text_block animation=&#8221;none&#8221; animation_delay=&#8221;0&#8243; simplified_controls=&#8221;yes&#8221; custom_css_percentage=&#8221;no&#8221; padding_vertical=&#8221;0&#8243; padding_horizontal=&#8221;0&#8243; margin_vertical=&#8221;0&#8243; custom_css=&#8221;margin-top: 0px;margin-bottom: 0px;&#8221; border_size=&#8221;0&#8243; border_styling_global=&#8221;default&#8221; width=&#8221;1\/1&#8243; el_position=&#8221;first last&#8221;] Legal Notice [\/spb_text_block] [spb_text_block animation=&#8221;none&#8221; animation_delay=&#8221;0&#8243; simplified_controls=&#8221;yes&#8221; custom_css_percentage=&#8221;no&#8221; padding_vertical=&#8221;0&#8243; padding_horizontal=&#8221;0&#8243; margin_vertical=&#8221;0&#8243; custom_css=&#8221;margin-top: 0px;margin-bottom: 0px;&#8221; border_size=&#8221;0&#8243; border_styling_global=&#8221;default&#8221; width=&#8221;1\/2&#8243; el_position=&#8221;first&#8221;] Site editor Parle Moi de Parfum 10 Rue de S\u00e9vign\u00e9 75004 Paris France SIRET : 820 363 927 00014 Publication Manager Benjamin Almairac contact@parlemoideparfum.com +33 (0)9 [&hellip;]\" \/>\n<meta property=\"og:url\" content=\"https:\/\/parlemoideparfum.com\/en\/legal-notice\/\" \/>\n<meta property=\"og:site_name\" content=\"Parle Moi de Parfum\" \/>\n<meta property=\"article:publisher\" content=\"https:\/\/www.facebook.com\/parlemoideparfum\/\" \/>\n<meta property=\"article:modified_time\" content=\"2023-01-09T15:10:44+00:00\" \/>\n<meta name=\"twitter:card\" content=\"summary_large_image\" \/>\n<meta name=\"twitter:label1\" content=\"Est. reading time\" \/>\n\t<meta name=\"twitter:data1\" content=\"3 minutes\" \/>\n<script type=\"application\/ld+json\" class=\"yoast-schema-graph\">{\"@context\":\"https:\/\/schema.org\",\"@graph\":[{\"@type\":\"WebPage\",\"@id\":\"https:\/\/parlemoideparfum.com\/en\/legal-notice\/\",\"url\":\"https:\/\/parlemoideparfum.com\/en\/legal-notice\/\",\"name\":\"Legal Notice - Parle Moi de Parfum\",\"isPartOf\":{\"@id\":\"https:\/\/parlemoideparfum.com\/en\/#website\"},\"datePublished\":\"2018-12-19T06:11:49+00:00\",\"dateModified\":\"2023-01-09T15:10:44+00:00\",\"breadcrumb\":{\"@id\":\"https:\/\/parlemoideparfum.com\/en\/legal-notice\/#breadcrumb\"},\"inLanguage\":\"en-US\",\"potentialAction\":[{\"@type\":\"ReadAction\",\"target\":[\"https:\/\/parlemoideparfum.com\/en\/legal-notice\/\"]}]},{\"@type\":\"BreadcrumbList\",\"@id\":\"https:\/\/parlemoideparfum.com\/en\/legal-notice\/#breadcrumb\",\"itemListElement\":[{\"@type\":\"ListItem\",\"position\":1,\"name\":\"Accueil\",\"item\":\"https:\/\/parlemoideparfum.com\/en\/\"},{\"@type\":\"ListItem\",\"position\":2,\"name\":\"Legal Notice\"}]},{\"@type\":\"WebSite\",\"@id\":\"https:\/\/parlemoideparfum.com\/en\/#website\",\"url\":\"https:\/\/parlemoideparfum.com\/en\/\",\"name\":\"Parle Moi de Parfum\",\"description\":\"Parfums de niche | Paris - Grasse\",\"publisher\":{\"@id\":\"https:\/\/parlemoideparfum.com\/en\/#organization\"},\"potentialAction\":[{\"@type\":\"SearchAction\",\"target\":{\"@type\":\"EntryPoint\",\"urlTemplate\":\"https:\/\/parlemoideparfum.com\/en\/?s={search_term_string}\"},\"query-input\":{\"@type\":\"PropertyValueSpecification\",\"valueRequired\":true,\"valueName\":\"search_term_string\"}}],\"inLanguage\":\"en-US\"},{\"@type\":\"Organization\",\"@id\":\"https:\/\/parlemoideparfum.com\/en\/#organization\",\"name\":\"Parle Moi de Parfum\",\"url\":\"https:\/\/parlemoideparfum.com\/en\/\",\"logo\":{\"@type\":\"ImageObject\",\"inLanguage\":\"en-US\",\"@id\":\"https:\/\/parlemoideparfum.com\/en\/#\/schema\/logo\/image\/\",\"url\":\"https:\/\/parlemoideparfum.com\/wp-content\/uploads\/2016\/09\/parle-moi-deparfum-logo-4.png\",\"contentUrl\":\"https:\/\/parlemoideparfum.com\/wp-content\/uploads\/2016\/09\/parle-moi-deparfum-logo-4.png\",\"width\":165,\"height\":165,\"caption\":\"Parle Moi de Parfum\"},\"image\":{\"@id\":\"https:\/\/parlemoideparfum.com\/en\/#\/schema\/logo\/image\/\"},\"sameAs\":[\"https:\/\/www.facebook.com\/parlemoideparfum\/\",\"https:\/\/www.instagram.com\/parlemoideparfum\/\"]}]}<\/script>\n<!-- \/ Yoast SEO plugin. -->","yoast_head_json":{"title":"Legal Notice - Parle Moi de Parfum","robots":{"index":"index","follow":"follow","max-snippet":"max-snippet:-1","max-image-preview":"max-image-preview:large","max-video-preview":"max-video-preview:-1"},"canonical":"https:\/\/parlemoideparfum.com\/en\/legal-notice\/","og_locale":"en_US","og_type":"article","og_title":"Legal Notice - Parle Moi de Parfum","og_description":"[spb_text_block animation=&#8221;none&#8221; animation_delay=&#8221;0&#8243; simplified_controls=&#8221;yes&#8221; custom_css_percentage=&#8221;no&#8221; padding_vertical=&#8221;0&#8243; padding_horizontal=&#8221;0&#8243; margin_vertical=&#8221;0&#8243; custom_css=&#8221;margin-top: 0px;margin-bottom: 0px;&#8221; border_size=&#8221;0&#8243; border_styling_global=&#8221;default&#8221; width=&#8221;1\/1&#8243; el_position=&#8221;first last&#8221;] Legal Notice [\/spb_text_block] [spb_text_block animation=&#8221;none&#8221; animation_delay=&#8221;0&#8243; simplified_controls=&#8221;yes&#8221; custom_css_percentage=&#8221;no&#8221; padding_vertical=&#8221;0&#8243; padding_horizontal=&#8221;0&#8243; margin_vertical=&#8221;0&#8243; custom_css=&#8221;margin-top: 0px;margin-bottom: 0px;&#8221; border_size=&#8221;0&#8243; border_styling_global=&#8221;default&#8221; width=&#8221;1\/2&#8243; el_position=&#8221;first&#8221;] Site editor Parle Moi de Parfum 10 Rue de S\u00e9vign\u00e9 75004 Paris France SIRET : 820 363 927 00014 Publication Manager Benjamin Almairac contact@parlemoideparfum.com +33 (0)9 [&hellip;]","og_url":"https:\/\/parlemoideparfum.com\/en\/legal-notice\/","og_site_name":"Parle Moi de Parfum","article_publisher":"https:\/\/www.facebook.com\/parlemoideparfum\/","article_modified_time":"2023-01-09T15:10:44+00:00","twitter_card":"summary_large_image","twitter_misc":{"Est. reading time":"3 minutes"},"schema":{"@context":"https:\/\/schema.org","@graph":[{"@type":"WebPage","@id":"https:\/\/parlemoideparfum.com\/en\/legal-notice\/","url":"https:\/\/parlemoideparfum.com\/en\/legal-notice\/","name":"Legal Notice - Parle Moi de Parfum","isPartOf":{"@id":"https:\/\/parlemoideparfum.com\/en\/#website"},"datePublished":"2018-12-19T06:11:49+00:00","dateModified":"2023-01-09T15:10:44+00:00","breadcrumb":{"@id":"https:\/\/parlemoideparfum.com\/en\/legal-notice\/#breadcrumb"},"inLanguage":"en-US","potentialAction":[{"@type":"ReadAction","target":["https:\/\/parlemoideparfum.com\/en\/legal-notice\/"]}]},{"@type":"BreadcrumbList","@id":"https:\/\/parlemoideparfum.com\/en\/legal-notice\/#breadcrumb","itemListElement":[{"@type":"ListItem","position":1,"name":"Accueil","item":"https:\/\/parlemoideparfum.com\/en\/"},{"@type":"ListItem","position":2,"name":"Legal Notice"}]},{"@type":"WebSite","@id":"https:\/\/parlemoideparfum.com\/en\/#website","url":"https:\/\/parlemoideparfum.com\/en\/","name":"Parle Moi de Parfum","description":"Parfums de niche | Paris - Grasse","publisher":{"@id":"https:\/\/parlemoideparfum.com\/en\/#organization"},"potentialAction":[{"@type":"SearchAction","target":{"@type":"EntryPoint","urlTemplate":"https:\/\/parlemoideparfum.com\/en\/?s={search_term_string}"},"query-input":{"@type":"PropertyValueSpecification","valueRequired":true,"valueName":"search_term_string"}}],"inLanguage":"en-US"},{"@type":"Organization","@id":"https:\/\/parlemoideparfum.com\/en\/#organization","name":"Parle Moi de Parfum","url":"https:\/\/parlemoideparfum.com\/en\/","logo":{"@type":"ImageObject","inLanguage":"en-US","@id":"https:\/\/parlemoideparfum.com\/en\/#\/schema\/logo\/image\/","url":"https:\/\/parlemoideparfum.com\/wp-content\/uploads\/2016\/09\/parle-moi-deparfum-logo-4.png","contentUrl":"https:\/\/parlemoideparfum.com\/wp-content\/uploads\/2016\/09\/parle-moi-deparfum-logo-4.png","width":165,"height":165,"caption":"Parle Moi de Parfum"},"image":{"@id":"https:\/\/parlemoideparfum.com\/en\/#\/schema\/logo\/image\/"},"sameAs":["https:\/\/www.facebook.com\/parlemoideparfum\/","https:\/\/www.instagram.com\/parlemoideparfum\/"]}]}},"_links":{"self":[{"href":"https:\/\/parlemoideparfum.com\/en\/wp-json\/wp\/v2\/pages\/3015","targetHints":{"allow":["GET"]}}],"collection":[{"href":"https:\/\/parlemoideparfum.com\/en\/wp-json\/wp\/v2\/pages"}],"about":[{"href":"https:\/\/parlemoideparfum.com\/en\/wp-json\/wp\/v2\/types\/page"}],"author":[{"embeddable":true,"href":"https:\/\/parlemoideparfum.com\/en\/wp-json\/wp\/v2\/users\/1"}],"replies":[{"embeddable":true,"href":"https:\/\/parlemoideparfum.com\/en\/wp-json\/wp\/v2\/comments?post=3015"}],"version-history":[{"count":0,"href":"https:\/\/parlemoideparfum.com\/en\/wp-json\/wp\/v2\/pages\/3015\/revisions"}],"wp:attachment":[{"href":"https:\/\/parlemoideparfum.com\/en\/wp-json\/wp\/v2\/media?parent=3015"}],"curies":[{"name":"wp","href":"https:\/\/api.w.org\/{rel}","templated":true}]}}